{"id":2,"date":"2025-06-20T14:50:54","date_gmt":"2025-06-20T14:50:54","guid":{"rendered":"https:\/\/asimur.rkinformatika.online\/?page_id=2"},"modified":"2025-06-30T14:48:54","modified_gmt":"2025-06-30T14:48:54","slug":"inicio","status":"publish","type":"page","link":"https:\/\/asimur.es\/en\/","title":{"rendered":"Home"},"content":{"rendered":"<div data-elementor-type=\"wp-page\" data-elementor-id=\"2\" class=\"elementor elementor-2\" data-elementor-post-type=\"page\">\n\t\t\t\t\t\t<section class=\"elementor-section elementor-top-section elementor-element elementor-element-7358b62 elementor-section-boxed elementor-section-height-default elementor-section-height-default\" data-id=\"7358b62\" data-element_type=\"section\" data-e-type=\"section\" data-settings=\"{&quot;background_background&quot;:&quot;classic&quot;}\">\n\t\t\t\t\t\t\t<div class=\"elementor-background-overlay\"><\/div>\n\t\t\t\t\t\t\t<div class=\"elementor-container elementor-column-gap-default\">\n\t\t\t\t\t<div class=\"elementor-column elementor-col-100 elementor-top-column elementor-element elementor-element-3f3084e\" data-id=\"3f3084e\" data-element_type=\"column\" data-e-type=\"column\">\n\t\t\t<div class=\"elementor-widget-wrap\">\n\t\t\t\t\t\t\t<\/div>\n\t\t<\/div>\n\t\t\t\t\t<\/div>\n\t\t<\/section>\n\t\t\t\t<section class=\"elementor-section elementor-top-section elementor-element elementor-element-5c23bad elementor-section-boxed elementor-section-height-default elementor-section-height-default elementor-invisible\" data-id=\"5c23bad\" data-element_type=\"section\" data-e-type=\"section\" data-settings=\"{&quot;animation&quot;:&quot;fadeInUp&quot;}\">\n\t\t\t\t\t\t<div class=\"elementor-container elementor-column-gap-default\">\n\t\t\t\t\t<div class=\"elementor-column elementor-col-50 elementor-top-column elementor-element elementor-element-20b2df3\" data-id=\"20b2df3\" data-element_type=\"column\" data-e-type=\"column\">\n\t\t\t<div class=\"elementor-widget-wrap elementor-element-populated\">\n\t\t\t\t\t\t<div class=\"elementor-element elementor-element-e7afcd3 elementor-invisible elementor-widget elementor-widget-heading\" data-id=\"e7afcd3\" data-element_type=\"widget\" data-e-type=\"widget\" data-settings=\"{&quot;_animation&quot;:&quot;fadeIn&quot;,&quot;_animation_delay&quot;:50}\" data-widget_type=\"heading.default\">\n\t\t\t\t<div class=\"elementor-widget-container\">\n\t\t\t\t\t<h2 class=\"elementor-heading-title elementor-size-default\">Home<\/h2>\t\t\t\t<\/div>\n\t\t\t\t<\/div>\n\t\t\t\t<div class=\"elementor-element elementor-element-0ac8a34 elementor-invisible elementor-widget elementor-widget-heading\" data-id=\"0ac8a34\" data-element_type=\"widget\" data-e-type=\"widget\" data-settings=\"{&quot;_animation&quot;:&quot;fadeIn&quot;,&quot;_animation_delay&quot;:100}\" data-widget_type=\"heading.default\">\n\t\t\t\t<div class=\"elementor-widget-container\">\n\t\t\t\t\t<h2 class=\"elementor-heading-title elementor-size-default\">About us <\/h2>\t\t\t\t<\/div>\n\t\t\t\t<\/div>\n\t\t\t\t<div class=\"elementor-element elementor-element-62531ab elementor-widget elementor-widget-text-editor\" data-id=\"62531ab\" data-element_type=\"widget\" data-e-type=\"widget\" data-widget_type=\"text-editor.default\">\n\t\t\t\t<div class=\"elementor-widget-container\">\n\t\t\t\t\t\t\t\t\t<p>Company with over 25 years of experience in the sector, where a team of highly specialized professionals in business economics offers comprehensive and personalized service in the fiscal, accounting, labor, and tax areas.<\/p>\t\t\t\t\t\t\t\t<\/div>\n\t\t\t\t<\/div>\n\t\t\t\t\t<\/div>\n\t\t<\/div>\n\t\t\t\t<div class=\"elementor-column elementor-col-50 elementor-top-column elementor-element elementor-element-773c766\" data-id=\"773c766\" data-element_type=\"column\" data-e-type=\"column\">\n\t\t\t<div class=\"elementor-widget-wrap elementor-element-populated\">\n\t\t\t\t\t\t<div class=\"elementor-element elementor-element-83ec212 elementor-widget elementor-widget-image\" data-id=\"83ec212\" data-element_type=\"widget\" data-e-type=\"widget\" data-widget_type=\"image.default\">\n\t\t\t\t<div class=\"elementor-widget-container\">\n\t\t\t\t\t\t\t\t\t\t\t\t\t\t\t<img fetchpriority=\"high\" decoding=\"async\" width=\"768\" height=\"512\" src=\"https:\/\/asimur.es\/wp-content\/uploads\/2025\/06\/353-768x512.jpg\" class=\"attachment-medium_large size-medium_large wp-image-126\" alt=\"\" srcset=\"https:\/\/asimur.es\/wp-content\/uploads\/2025\/06\/353-768x512.jpg 768w, https:\/\/asimur.es\/wp-content\/uploads\/2025\/06\/353-300x200.jpg 300w, https:\/\/asimur.es\/wp-content\/uploads\/2025\/06\/353-18x12.jpg 18w, https:\/\/asimur.es\/wp-content\/uploads\/2025\/06\/353.jpg 1000w\" sizes=\"(max-width: 768px) 100vw, 768px\" \/>\t\t\t\t\t\t\t\t\t\t\t\t\t\t\t<\/div>\n\t\t\t\t<\/div>\n\t\t\t\t\t<\/div>\n\t\t<\/div>\n\t\t\t\t\t<\/div>\n\t\t<\/section>\n\t\t<div class=\"elementor-element elementor-element-0cf2a35 e-flex e-con-boxed e-con e-parent\" data-id=\"0cf2a35\" data-element_type=\"container\" data-e-type=\"container\" data-settings=\"{&quot;background_background&quot;:&quot;classic&quot;}\">\n\t\t\t\t\t<div class=\"e-con-inner\">\n\t\t\t\t<div class=\"elementor-element elementor-element-00e5515 elementor-invisible elementor-widget elementor-widget-heading\" data-id=\"00e5515\" data-element_type=\"widget\" data-e-type=\"widget\" data-settings=\"{&quot;_animation&quot;:&quot;fadeInRight&quot;,&quot;_animation_delay&quot;:100}\" data-widget_type=\"heading.default\">\n\t\t\t\t<div class=\"elementor-widget-container\">\n\t\t\t\t\t<h2 class=\"elementor-heading-title elementor-size-default\">Transparency, experience, quality, and speed at your service<\/h2>\t\t\t\t<\/div>\n\t\t\t\t<\/div>\n\t\t\t\t<div class=\"elementor-element elementor-element-007db34 elementor-invisible elementor-widget elementor-widget-button\" data-id=\"007db34\" data-element_type=\"widget\" data-e-type=\"widget\" data-settings=\"{&quot;_animation&quot;:&quot;fadeInLeft&quot;}\" data-widget_type=\"button.default\">\n\t\t\t\t<div class=\"elementor-widget-container\">\n\t\t\t\t\t\t\t\t\t<div class=\"elementor-button-wrapper\">\n\t\t\t\t\t<a class=\"elementor-button elementor-button-link elementor-size-sm\" href=\"\/en\/contacto\/\">\n\t\t\t\t\t\t<span class=\"elementor-button-content-wrapper\">\n\t\t\t\t\t\t\t\t\t<span class=\"elementor-button-text\">Contact us<\/span>\n\t\t\t\t\t<\/span>\n\t\t\t\t\t<\/a>\n\t\t\t\t<\/div>\n\t\t\t\t\t\t\t\t<\/div>\n\t\t\t\t<\/div>\n\t\t\t\t\t<\/div>\n\t\t\t\t<\/div>\n\t\t\t\t<section class=\"elementor-section elementor-top-section elementor-element elementor-element-43a3410 elementor-section-boxed elementor-section-height-default elementor-section-height-default\" data-id=\"43a3410\" data-element_type=\"section\" data-e-type=\"section\">\n\t\t\t\t\t\t<div class=\"elementor-container elementor-column-gap-default\">\n\t\t\t\t\t<div class=\"elementor-column elementor-col-50 elementor-top-column elementor-element elementor-element-850b532\" data-id=\"850b532\" data-element_type=\"column\" data-e-type=\"column\">\n\t\t\t<div class=\"elementor-widget-wrap elementor-element-populated\">\n\t\t\t\t\t\t<div class=\"elementor-element elementor-element-4b95ad8 elementor-widget elementor-widget-image\" data-id=\"4b95ad8\" data-element_type=\"widget\" data-e-type=\"widget\" data-widget_type=\"image.default\">\n\t\t\t\t<div class=\"elementor-widget-container\">\n\t\t\t\t\t\t\t\t\t\t\t\t\t\t\t<img decoding=\"async\" width=\"768\" height=\"512\" src=\"https:\/\/asimur.es\/wp-content\/uploads\/2025\/06\/95215-768x512.jpg\" class=\"attachment-medium_large size-medium_large wp-image-166\" alt=\"\" srcset=\"https:\/\/asimur.es\/wp-content\/uploads\/2025\/06\/95215-768x512.jpg 768w, https:\/\/asimur.es\/wp-content\/uploads\/2025\/06\/95215-300x200.jpg 300w, https:\/\/asimur.es\/wp-content\/uploads\/2025\/06\/95215-18x12.jpg 18w, https:\/\/asimur.es\/wp-content\/uploads\/2025\/06\/95215.jpg 1000w\" sizes=\"(max-width: 768px) 100vw, 768px\" \/>\t\t\t\t\t\t\t\t\t\t\t\t\t\t\t<\/div>\n\t\t\t\t<\/div>\n\t\t\t\t\t<\/div>\n\t\t<\/div>\n\t\t\t\t<div class=\"elementor-column elementor-col-50 elementor-top-column elementor-element elementor-element-4cda977\" data-id=\"4cda977\" data-element_type=\"column\" data-e-type=\"column\">\n\t\t\t<div class=\"elementor-widget-wrap elementor-element-populated\">\n\t\t\t\t\t\t<div class=\"elementor-element elementor-element-e67587d elementor-invisible elementor-widget elementor-widget-heading\" data-id=\"e67587d\" data-element_type=\"widget\" data-e-type=\"widget\" data-settings=\"{&quot;_animation&quot;:&quot;fadeIn&quot;,&quot;_animation_delay&quot;:50}\" data-widget_type=\"heading.default\">\n\t\t\t\t<div class=\"elementor-widget-container\">\n\t\t\t\t\t<h2 class=\"elementor-heading-title elementor-size-default\">Home<\/h2>\t\t\t\t<\/div>\n\t\t\t\t<\/div>\n\t\t\t\t<div class=\"elementor-element elementor-element-1c72616 elementor-invisible elementor-widget elementor-widget-heading\" data-id=\"1c72616\" data-element_type=\"widget\" data-e-type=\"widget\" data-settings=\"{&quot;_animation&quot;:&quot;fadeIn&quot;,&quot;_animation_delay&quot;:100}\" data-widget_type=\"heading.default\">\n\t\t\t\t<div class=\"elementor-widget-container\">\n\t\t\t\t\t<h2 class=\"elementor-heading-title elementor-size-default\">About us <\/h2>\t\t\t\t<\/div>\n\t\t\t\t<\/div>\n\t\t\t\t<div class=\"elementor-element elementor-element-4163c1c elementor-align-start elementor-icon-list--layout-traditional elementor-list-item-link-full_width elementor-widget elementor-widget-icon-list\" data-id=\"4163c1c\" data-element_type=\"widget\" data-e-type=\"widget\" data-widget_type=\"icon-list.default\">\n\t\t\t\t<div class=\"elementor-widget-container\">\n\t\t\t\t\t\t\t<ul class=\"elementor-icon-list-items\">\n\t\t\t\t\t\t\t<li class=\"elementor-icon-list-item\">\n\t\t\t\t\t\t\t\t\t\t\t<span class=\"elementor-icon-list-icon\">\n\t\t\t\t\t\t\t<svg aria-hidden=\"true\" class=\"e-font-icon-svg e-fas-coins\" viewbox=\"0 0 512 512\" xmlns=\"http:\/\/www.w3.org\/2000\/svg\"><path d=\"M0 405.3V448c0 35.3 86 64 192 64s192-28.7 192-64v-42.7C342.7 434.4 267.2 448 192 448S41.3 434.4 0 405.3zM320 128c106 0 192-28.7 192-64S426 0 320 0 128 28.7 128 64s86 64 192 64zM0 300.4V352c0 35.3 86 64 192 64s192-28.7 192-64v-51.6c-41.3 34-116.9 51.6-192 51.6S41.3 334.4 0 300.4zm416 11c57.3-11.1 96-31.7 96-55.4v-42.7c-23.2 16.4-57.3 27.6-96 34.5v63.6zM192 160C86 160 0 195.8 0 240s86 80 192 80 192-35.8 192-80-86-80-192-80zm219.3 56.3c60-10.8 100.7-32 100.7-56.3v-42.7c-35.5 25.1-96.5 38.6-160.7 41.8 29.5 14.3 51.2 33.5 60 57.2z\"><\/path><\/svg>\t\t\t\t\t\t<\/span>\n\t\t\t\t\t\t\t\t\t\t<span class=\"elementor-icon-list-text\">Maximum benefits<\/span>\n\t\t\t\t\t\t\t\t\t<\/li>\n\t\t\t\t\t\t\t\t<li class=\"elementor-icon-list-item\">\n\t\t\t\t\t\t\t\t\t\t\t<span class=\"elementor-icon-list-icon\">\n\t\t\t\t\t\t\t<svg aria-hidden=\"true\" class=\"e-font-icon-svg e-fas-times\" viewbox=\"0 0 352 512\" xmlns=\"http:\/\/www.w3.org\/2000\/svg\"><path d=\"M242.72 256l100.07-100.07c12.28-12.28 12.28-32.19 0-44.48l-22.24-22.24c-12.28-12.28-32.19-12.28-44.48 0L176 189.28 75.93 89.21c-12.28-12.28-32.19-12.28-44.48 0L9.21 111.45c-12.28 12.28-12.28 32.19 0 44.48L109.28 256 9.21 356.07c-12.28 12.28-12.28 32.19 0 44.48l22.24 22.24c12.28 12.28 32.2 12.28 44.48 0L176 322.72l100.07 100.07c12.28 12.28 32.2 12.28 44.48 0l22.24-22.24c12.28-12.28 12.28-32.19 0-44.48L242.72 256z\"><\/path><\/svg>\t\t\t\t\t\t<\/span>\n\t\t\t\t\t\t\t\t\t\t<span class=\"elementor-icon-list-text\">Clear vision of your situation<\/span>\n\t\t\t\t\t\t\t\t\t<\/li>\n\t\t\t\t\t\t\t\t<li class=\"elementor-icon-list-item\">\n\t\t\t\t\t\t\t\t\t\t\t<span class=\"elementor-icon-list-icon\">\n\t\t\t\t\t\t\t<svg aria-hidden=\"true\" class=\"e-font-icon-svg e-fas-dot-circle\" viewbox=\"0 0 512 512\" xmlns=\"http:\/\/www.w3.org\/2000\/svg\"><path d=\"M256 8C119.033 8 8 119.033 8 256s111.033 248 248 248 248-111.033 248-248S392.967 8 256 8zm80 248c0 44.112-35.888 80-80 80s-80-35.888-80-80 35.888-80 80-80 80 35.888 80 80z\"><\/path><\/svg>\t\t\t\t\t\t<\/span>\n\t\t\t\t\t\t\t\t\t\t<span class=\"elementor-icon-list-text\">Optimize labor relations<\/span>\n\t\t\t\t\t\t\t\t\t<\/li>\n\t\t\t\t\t\t\t\t<li class=\"elementor-icon-list-item\">\n\t\t\t\t\t\t\t\t\t\t\t<span class=\"elementor-icon-list-icon\">\n\t\t\t\t\t\t\t<svg aria-hidden=\"true\" class=\"e-font-icon-svg e-fas-check\" viewbox=\"0 0 512 512\" xmlns=\"http:\/\/www.w3.org\/2000\/svg\"><path d=\"M173.898 439.404l-166.4-166.4c-9.997-9.997-9.997-26.206 0-36.204l36.203-36.204c9.997-9.998 26.207-9.998 36.204 0L192 312.69 432.095 72.596c9.997-9.997 26.207-9.997 36.204 0l36.203 36.204c9.997 9.997 9.997 26.206 0 36.204l-294.4 294.401c-9.998 9.997-26.207 9.997-36.204-.001z\"><\/path><\/svg>\t\t\t\t\t\t<\/span>\n\t\t\t\t\t\t\t\t\t\t<span class=\"elementor-icon-list-text\">Meet your tax obligations<\/span>\n\t\t\t\t\t\t\t\t\t<\/li>\n\t\t\t\t\t\t<\/ul>\n\t\t\t\t\t\t<\/div>\n\t\t\t\t<\/div>\n\t\t\t\t\t<\/div>\n\t\t<\/div>\n\t\t\t\t\t<\/div>\n\t\t<\/section>\n\t\t\t\t<\/div>","protected":false},"excerpt":{"rendered":"<p>inicio Sobre nosotros Empresa con m\u00e1s de 25 a\u00f1os de experiencia en el sector, donde un equipo de profesionales altamente especializados en econom\u00eda de empresas ofrece un servicio integral y personalizado en el \u00e1rea fiscal, contable, laboral y de tributos. Transparencia, experiencia, calidad y rapidez a tu servicio Cont\u00e1ctanos inicio Sobre nosotros M\u00e1ximos beneficios Visi\u00f3n [&hellip;]<\/p>\n","protected":false},"author":1,"featured_media":0,"parent":0,"menu_order":0,"comment_status":"closed","ping_status":"closed","template":"elementor_canvas","meta":{"footnotes":""},"class_list":["post-2","page","type-page","status-publish","hentry"],"yoast_head":"<!-- This site is optimized with the Yoast SEO plugin v26.2 - https:\/\/yoast.com\/wordpress\/plugins\/seo\/ -->\n<title>Inicio - Asimur Asesoria de Empresas S.L.<\/title>\n<meta name=\"robots\" content=\"index, follow, max-snippet:-1, max-image-preview:large, max-video-preview:-1\" \/>\n<link rel=\"canonical\" href=\"https:\/\/asimur.es\/en\/\" \/>\n<meta property=\"og:locale\" content=\"en_US\" \/>\n<meta property=\"og:type\" content=\"article\" \/>\n<meta property=\"og:title\" content=\"Inicio - Asimur Asesoria de Empresas S.L.\" \/>\n<meta property=\"og:description\" content=\"inicio Sobre nosotros Empresa con m\u00e1s de 25 a\u00f1os de experiencia en el sector, donde un equipo de profesionales altamente especializados en econom\u00eda de empresas ofrece un servicio integral y personalizado en el \u00e1rea fiscal, contable, laboral y de tributos. Transparencia, experiencia, calidad y rapidez a tu servicio Cont\u00e1ctanos inicio Sobre nosotros M\u00e1ximos beneficios Visi\u00f3n [&hellip;]\" \/>\n<meta property=\"og:url\" content=\"https:\/\/asimur.es\/en\/\" \/>\n<meta property=\"og:site_name\" content=\"Asimur Asesoria de Empresas S.L.\" \/>\n<meta property=\"article:modified_time\" content=\"2025-06-30T14:48:54+00:00\" \/>\n<meta property=\"og:image\" content=\"https:\/\/asimur.es\/wp-content\/uploads\/2025\/06\/353-768x512.jpg\" \/>\n<meta name=\"twitter:card\" content=\"summary_large_image\" \/>\n<meta name=\"twitter:label1\" content=\"Est. reading time\" \/>\n\t<meta name=\"twitter:data1\" content=\"1 minute\" \/>\n<script type=\"application\/ld+json\" class=\"yoast-schema-graph\">{\"@context\":\"https:\/\/schema.org\",\"@graph\":[{\"@type\":\"WebPage\",\"@id\":\"https:\/\/asimur.es\/\",\"url\":\"https:\/\/asimur.es\/\",\"name\":\"Inicio - Asimur Asesoria de Empresas S.L.\",\"isPartOf\":{\"@id\":\"https:\/\/asimur.es\/#website\"},\"primaryImageOfPage\":{\"@id\":\"https:\/\/asimur.es\/#primaryimage\"},\"image\":{\"@id\":\"https:\/\/asimur.es\/#primaryimage\"},\"thumbnailUrl\":\"https:\/\/asimur.es\/wp-content\/uploads\/2025\/06\/353-768x512.jpg\",\"datePublished\":\"2025-06-20T14:50:54+00:00\",\"dateModified\":\"2025-06-30T14:48:54+00:00\",\"breadcrumb\":{\"@id\":\"https:\/\/asimur.es\/#breadcrumb\"},\"inLanguage\":\"en-US\",\"potentialAction\":[{\"@type\":\"ReadAction\",\"target\":[\"https:\/\/asimur.es\/\"]}]},{\"@type\":\"ImageObject\",\"inLanguage\":\"en-US\",\"@id\":\"https:\/\/asimur.es\/#primaryimage\",\"url\":\"https:\/\/asimur.es\/wp-content\/uploads\/2025\/06\/353-768x512.jpg\",\"contentUrl\":\"https:\/\/asimur.es\/wp-content\/uploads\/2025\/06\/353-768x512.jpg\"},{\"@type\":\"BreadcrumbList\",\"@id\":\"https:\/\/asimur.es\/#breadcrumb\",\"itemListElement\":[{\"@type\":\"ListItem\",\"position\":1,\"name\":\"Portada\",\"item\":\"https:\/\/asimur.es\/\"},{\"@type\":\"ListItem\",\"position\":2,\"name\":\"Inicio\"}]},{\"@type\":\"WebSite\",\"@id\":\"https:\/\/asimur.es\/#website\",\"url\":\"https:\/\/asimur.es\/\",\"name\":\"Asimur Asesoria de Empresas S.L.\",\"description\":\"Asimur Asesoria de Empresas S.L.\",\"publisher\":{\"@id\":\"https:\/\/asimur.es\/#organization\"},\"potentialAction\":[{\"@type\":\"SearchAction\",\"target\":{\"@type\":\"EntryPoint\",\"urlTemplate\":\"https:\/\/asimur.es\/?s={search_term_string}\"},\"query-input\":{\"@type\":\"PropertyValueSpecification\",\"valueRequired\":true,\"valueName\":\"search_term_string\"}}],\"inLanguage\":\"en-US\"},{\"@type\":\"Organization\",\"@id\":\"https:\/\/asimur.es\/#organization\",\"name\":\"Asimur Asesoria de Empresas S.L.\",\"url\":\"https:\/\/asimur.es\/\",\"logo\":{\"@type\":\"ImageObject\",\"inLanguage\":\"en-US\",\"@id\":\"https:\/\/asimur.es\/#\/schema\/logo\/image\/\",\"url\":\"https:\/\/asimur.es\/wp-content\/uploads\/2025\/06\/cropped-1.png\",\"contentUrl\":\"https:\/\/asimur.es\/wp-content\/uploads\/2025\/06\/cropped-1.png\",\"width\":500,\"height\":143,\"caption\":\"Asimur Asesoria de Empresas S.L.\"},\"image\":{\"@id\":\"https:\/\/asimur.es\/#\/schema\/logo\/image\/\"}}]}<\/script>\n<!-- \/ Yoast SEO plugin. -->","yoast_head_json":{"title":"Inicio - Asimur Asesoria de Empresas S.L.","robots":{"index":"index","follow":"follow","max-snippet":"max-snippet:-1","max-image-preview":"max-image-preview:large","max-video-preview":"max-video-preview:-1"},"canonical":"https:\/\/asimur.es\/en\/","og_locale":"en_US","og_type":"article","og_title":"Inicio - Asimur Asesoria de Empresas S.L.","og_description":"inicio Sobre nosotros Empresa con m\u00e1s de 25 a\u00f1os de experiencia en el sector, donde un equipo de profesionales altamente especializados en econom\u00eda de empresas ofrece un servicio integral y personalizado en el \u00e1rea fiscal, contable, laboral y de tributos. Transparencia, experiencia, calidad y rapidez a tu servicio Cont\u00e1ctanos inicio Sobre nosotros M\u00e1ximos beneficios Visi\u00f3n [&hellip;]","og_url":"https:\/\/asimur.es\/en\/","og_site_name":"Asimur Asesoria de Empresas S.L.","article_modified_time":"2025-06-30T14:48:54+00:00","og_image":[{"url":"https:\/\/asimur.es\/wp-content\/uploads\/2025\/06\/353-768x512.jpg","type":"","width":"","height":""}],"twitter_card":"summary_large_image","twitter_misc":{"Est. reading time":"1 minute"},"schema":{"@context":"https:\/\/schema.org","@graph":[{"@type":"WebPage","@id":"https:\/\/asimur.es\/","url":"https:\/\/asimur.es\/","name":"Inicio - Asimur Asesoria de Empresas S.L.","isPartOf":{"@id":"https:\/\/asimur.es\/#website"},"primaryImageOfPage":{"@id":"https:\/\/asimur.es\/#primaryimage"},"image":{"@id":"https:\/\/asimur.es\/#primaryimage"},"thumbnailUrl":"https:\/\/asimur.es\/wp-content\/uploads\/2025\/06\/353-768x512.jpg","datePublished":"2025-06-20T14:50:54+00:00","dateModified":"2025-06-30T14:48:54+00:00","breadcrumb":{"@id":"https:\/\/asimur.es\/#breadcrumb"},"inLanguage":"en-US","potentialAction":[{"@type":"ReadAction","target":["https:\/\/asimur.es\/"]}]},{"@type":"ImageObject","inLanguage":"en-US","@id":"https:\/\/asimur.es\/#primaryimage","url":"https:\/\/asimur.es\/wp-content\/uploads\/2025\/06\/353-768x512.jpg","contentUrl":"https:\/\/asimur.es\/wp-content\/uploads\/2025\/06\/353-768x512.jpg"},{"@type":"BreadcrumbList","@id":"https:\/\/asimur.es\/#breadcrumb","itemListElement":[{"@type":"ListItem","position":1,"name":"Portada","item":"https:\/\/asimur.es\/"},{"@type":"ListItem","position":2,"name":"Inicio"}]},{"@type":"WebSite","@id":"https:\/\/asimur.es\/#website","url":"https:\/\/asimur.es\/","name":"Asimur Asesoria de Empresas S.L.","description":"Asimur Asesoria de Empresas S.L.","publisher":{"@id":"https:\/\/asimur.es\/#organization"},"potentialAction":[{"@type":"SearchAction","target":{"@type":"EntryPoint","urlTemplate":"https:\/\/asimur.es\/?s={search_term_string}"},"query-input":{"@type":"PropertyValueSpecification","valueRequired":true,"valueName":"search_term_string"}}],"inLanguage":"en-US"},{"@type":"Organization","@id":"https:\/\/asimur.es\/#organization","name":"Asimur Asesoria de Empresas S.L.","url":"https:\/\/asimur.es\/","logo":{"@type":"ImageObject","inLanguage":"en-US","@id":"https:\/\/asimur.es\/#\/schema\/logo\/image\/","url":"https:\/\/asimur.es\/wp-content\/uploads\/2025\/06\/cropped-1.png","contentUrl":"https:\/\/asimur.es\/wp-content\/uploads\/2025\/06\/cropped-1.png","width":500,"height":143,"caption":"Asimur Asesoria de Empresas S.L."},"image":{"@id":"https:\/\/asimur.es\/#\/schema\/logo\/image\/"}}]}},"_links":{"self":[{"href":"https:\/\/asimur.es\/en\/wp-json\/wp\/v2\/pages\/2","targetHints":{"allow":["GET"]}}],"collection":[{"href":"https:\/\/asimur.es\/en\/wp-json\/wp\/v2\/pages"}],"about":[{"href":"https:\/\/asimur.es\/en\/wp-json\/wp\/v2\/types\/page"}],"author":[{"embeddable":true,"href":"https:\/\/asimur.es\/en\/wp-json\/wp\/v2\/users\/1"}],"replies":[{"embeddable":true,"href":"https:\/\/asimur.es\/en\/wp-json\/wp\/v2\/comments?post=2"}],"version-history":[{"count":136,"href":"https:\/\/asimur.es\/en\/wp-json\/wp\/v2\/pages\/2\/revisions"}],"predecessor-version":[{"id":502,"href":"https:\/\/asimur.es\/en\/wp-json\/wp\/v2\/pages\/2\/revisions\/502"}],"wp:attachment":[{"href":"https:\/\/asimur.es\/en\/wp-json\/wp\/v2\/media?parent=2"}],"curies":[{"name":"wp","href":"https:\/\/api.w.org\/{rel}","templated":true}]}}