{"id":6,"date":"2025-06-20T15:01:10","date_gmt":"2025-06-20T15:01:10","guid":{"rendered":"https:\/\/asimur.rkinformatika.online\/?page_id=6"},"modified":"2025-06-30T14:50:41","modified_gmt":"2025-06-30T14:50:41","slug":"servicios","status":"publish","type":"page","link":"https:\/\/asimur.es\/en\/servicios\/","title":{"rendered":"Services"},"content":{"rendered":"<div data-elementor-type=\"wp-page\" data-elementor-id=\"6\" class=\"elementor elementor-6\" data-elementor-post-type=\"page\">\n\t\t\t\t\t\t<section class=\"elementor-section elementor-top-section elementor-element elementor-element-d76a2a1 elementor-section-boxed elementor-section-height-default elementor-section-height-default\" data-id=\"d76a2a1\" data-element_type=\"section\" data-e-type=\"section\" data-settings=\"{&quot;background_background&quot;:&quot;classic&quot;}\">\n\t\t\t\t\t\t\t<div class=\"elementor-background-overlay\"><\/div>\n\t\t\t\t\t\t\t<div class=\"elementor-container elementor-column-gap-default\">\n\t\t\t\t\t<div class=\"elementor-column elementor-col-100 elementor-top-column elementor-element elementor-element-8196590\" data-id=\"8196590\" data-element_type=\"column\" data-e-type=\"column\">\n\t\t\t<div class=\"elementor-widget-wrap\">\n\t\t\t\t\t\t\t<\/div>\n\t\t<\/div>\n\t\t\t\t\t<\/div>\n\t\t<\/section>\n\t\t\t\t<section class=\"elementor-section elementor-top-section elementor-element elementor-element-2bdf587 elementor-section-boxed elementor-section-height-default elementor-section-height-default elementor-invisible\" data-id=\"2bdf587\" data-element_type=\"section\" data-e-type=\"section\" data-settings=\"{&quot;animation&quot;:&quot;fadeInDown&quot;}\">\n\t\t\t\t\t\t<div class=\"elementor-container elementor-column-gap-default\">\n\t\t\t\t\t<div class=\"elementor-column elementor-col-50 elementor-top-column elementor-element elementor-element-dd68e6b\" data-id=\"dd68e6b\" data-element_type=\"column\" data-e-type=\"column\">\n\t\t\t<div class=\"elementor-widget-wrap elementor-element-populated\">\n\t\t\t\t\t\t<div class=\"elementor-element elementor-element-1f46e7d elementor-widget elementor-widget-image\" data-id=\"1f46e7d\" data-element_type=\"widget\" data-e-type=\"widget\" data-widget_type=\"image.default\">\n\t\t\t\t<div class=\"elementor-widget-container\">\n\t\t\t\t\t\t\t\t\t\t\t\t\t\t\t<img fetchpriority=\"high\" decoding=\"async\" width=\"768\" height=\"512\" src=\"https:\/\/asimur.es\/wp-content\/uploads\/2025\/06\/95215-768x512.jpg\" class=\"attachment-medium_large size-medium_large wp-image-166\" alt=\"\" srcset=\"https:\/\/asimur.es\/wp-content\/uploads\/2025\/06\/95215-768x512.jpg 768w, https:\/\/asimur.es\/wp-content\/uploads\/2025\/06\/95215-300x200.jpg 300w, https:\/\/asimur.es\/wp-content\/uploads\/2025\/06\/95215-18x12.jpg 18w, https:\/\/asimur.es\/wp-content\/uploads\/2025\/06\/95215.jpg 1000w\" sizes=\"(max-width: 768px) 100vw, 768px\" \/>\t\t\t\t\t\t\t\t\t\t\t\t\t\t\t<\/div>\n\t\t\t\t<\/div>\n\t\t\t\t\t<\/div>\n\t\t<\/div>\n\t\t\t\t<div class=\"elementor-column elementor-col-50 elementor-top-column elementor-element elementor-element-1e611fb\" data-id=\"1e611fb\" data-element_type=\"column\" data-e-type=\"column\">\n\t\t\t<div class=\"elementor-widget-wrap elementor-element-populated\">\n\t\t\t\t\t\t<div class=\"elementor-element elementor-element-b8ce797 elementor-invisible elementor-widget elementor-widget-heading\" data-id=\"b8ce797\" data-element_type=\"widget\" data-e-type=\"widget\" data-settings=\"{&quot;_animation&quot;:&quot;fadeIn&quot;,&quot;_animation_delay&quot;:50}\" data-widget_type=\"heading.default\">\n\t\t\t\t<div class=\"elementor-widget-container\">\n\t\t\t\t\t<h2 class=\"elementor-heading-title elementor-size-default\">SERVICIOS<\/h2>\t\t\t\t<\/div>\n\t\t\t\t<\/div>\n\t\t\t\t<div class=\"elementor-element elementor-element-9390286 elementor-invisible elementor-widget elementor-widget-heading\" data-id=\"9390286\" data-element_type=\"widget\" data-e-type=\"widget\" data-settings=\"{&quot;_animation&quot;:&quot;fadeIn&quot;,&quot;_animation_delay&quot;:100}\" data-widget_type=\"heading.default\">\n\t\t\t\t<div class=\"elementor-widget-container\">\n\t\t\t\t\t<h2 class=\"elementor-heading-title elementor-size-default\">Nuestros Servicios<\/h2>\t\t\t\t<\/div>\n\t\t\t\t<\/div>\n\t\t\t\t<div class=\"elementor-element elementor-element-838bf95 elementor-widget elementor-widget-text-editor\" data-id=\"838bf95\" data-element_type=\"widget\" data-e-type=\"widget\" data-widget_type=\"text-editor.default\">\n\t\t\t\t<div class=\"elementor-widget-container\">\n\t\t\t\t\t\t\t\t\t<p>Nos dedicamos a brindar un asesoramiento completo a Pymes, grandes empresas, aut\u00f3nomos y particulares, as\u00ed como tambi\u00e9n a ofrecer orientaci\u00f3n a emprendedores que buscan establecerse en el mercado. Nuestro compromiso es garantizar un acompa\u00f1amiento cercano y eficiente, adapt\u00e1ndonos a las necesidades espec\u00edficas de cada cliente para lograr su \u00e9xito y crecimiento sostenible.<\/p>\t\t\t\t\t\t\t\t<\/div>\n\t\t\t\t<\/div>\n\t\t\t\t\t<\/div>\n\t\t<\/div>\n\t\t\t\t\t<\/div>\n\t\t<\/section>\n\t\t<div class=\"elementor-element elementor-element-a1af2ee e-flex e-con-boxed e-con e-parent\" data-id=\"a1af2ee\" data-element_type=\"container\" data-e-type=\"container\" data-settings=\"{&quot;background_background&quot;:&quot;classic&quot;}\">\n\t\t\t\t\t<div class=\"e-con-inner\">\n\t\t\t\t<div class=\"elementor-element elementor-element-721bf7a elementor-invisible elementor-widget elementor-widget-heading\" data-id=\"721bf7a\" data-element_type=\"widget\" data-e-type=\"widget\" data-settings=\"{&quot;_animation&quot;:&quot;fadeInRight&quot;,&quot;_animation_delay&quot;:100}\" data-widget_type=\"heading.default\">\n\t\t\t\t<div class=\"elementor-widget-container\">\n\t\t\t\t\t<h2 class=\"elementor-heading-title elementor-size-default\">\u00a1No desperdicies tus ingresos y logra tus metas con nosotros!<\/h2>\t\t\t\t<\/div>\n\t\t\t\t<\/div>\n\t\t\t\t<div class=\"elementor-element elementor-element-48a47f3 elementor-invisible elementor-widget elementor-widget-button\" data-id=\"48a47f3\" data-element_type=\"widget\" data-e-type=\"widget\" data-settings=\"{&quot;_animation&quot;:&quot;fadeInLeft&quot;}\" data-widget_type=\"button.default\">\n\t\t\t\t<div class=\"elementor-widget-container\">\n\t\t\t\t\t\t\t\t\t<div class=\"elementor-button-wrapper\">\n\t\t\t\t\t<a class=\"elementor-button elementor-button-link elementor-size-sm\" href=\"\/en\/contacto\/\">\n\t\t\t\t\t\t<span class=\"elementor-button-content-wrapper\">\n\t\t\t\t\t\t\t\t\t<span class=\"elementor-button-text\">Contact us<\/span>\n\t\t\t\t\t<\/span>\n\t\t\t\t\t<\/a>\n\t\t\t\t<\/div>\n\t\t\t\t\t\t\t\t<\/div>\n\t\t\t\t<\/div>\n\t\t\t\t\t<\/div>\n\t\t\t\t<\/div>\n\t\t<div class=\"elementor-element elementor-element-f077975 e-flex e-con-boxed e-con e-parent\" data-id=\"f077975\" data-element_type=\"container\" data-e-type=\"container\">\n\t\t\t\t\t<div class=\"e-con-inner\">\n\t\t<div class=\"elementor-element elementor-element-b7c20c2 e-con-full e-flex e-con e-child\" data-id=\"b7c20c2\" data-element_type=\"container\" data-e-type=\"container\">\n\t\t\t\t<div class=\"elementor-element elementor-element-7171ee7 elementor-invisible elementor-widget elementor-widget-heading\" data-id=\"7171ee7\" data-element_type=\"widget\" data-e-type=\"widget\" data-settings=\"{&quot;_animation&quot;:&quot;fadeIn&quot;,&quot;_animation_delay&quot;:50}\" data-widget_type=\"heading.default\">\n\t\t\t\t<div class=\"elementor-widget-container\">\n\t\t\t\t\t<h2 class=\"elementor-heading-title elementor-size-default\">SERVICIOS<\/h2>\t\t\t\t<\/div>\n\t\t\t\t<\/div>\n\t\t\t\t<div class=\"elementor-element elementor-element-9227ccf elementor-invisible elementor-widget elementor-widget-heading\" data-id=\"9227ccf\" data-element_type=\"widget\" data-e-type=\"widget\" data-settings=\"{&quot;_animation&quot;:&quot;fadeIn&quot;,&quot;_animation_delay&quot;:100}\" data-widget_type=\"heading.default\">\n\t\t\t\t<div class=\"elementor-widget-container\">\n\t\t\t\t\t<h2 class=\"elementor-heading-title elementor-size-default\">Nuestros Servicios<\/h2>\t\t\t\t<\/div>\n\t\t\t\t<\/div>\n\t\t\t\t<\/div>\n\t\t<div class=\"elementor-element elementor-element-3f7b96f e-con-full e-flex e-con e-child\" data-id=\"3f7b96f\" data-element_type=\"container\" data-e-type=\"container\">\n\t\t\t\t<div class=\"elementor-element elementor-element-3c50de2 elementor-cta--skin-cover elementor-cta--valign-middle elementor-animated-content elementor-bg-transform elementor-bg-transform-zoom-in elementor-widget elementor-widget-call-to-action\" data-id=\"3c50de2\" data-element_type=\"widget\" data-e-type=\"widget\" data-widget_type=\"call-to-action.default\">\n\t\t\t\t<div class=\"elementor-widget-container\">\n\t\t\t\t\t\t\t<div class=\"elementor-cta\">\n\t\t\t\t\t<div class=\"elementor-cta__bg-wrapper\">\n\t\t\t\t<div class=\"elementor-cta__bg elementor-bg\" style=\"background-image: url(https:\/\/asimur.es\/wp-content\/uploads\/2025\/06\/999.jpg);\" role=\"img\" aria-label=\"999\"><\/div>\n\t\t\t\t<div class=\"elementor-cta__bg-overlay\"><\/div>\n\t\t\t<\/div>\n\t\t\t\t\t\t\t<div class=\"elementor-cta__content\">\n\t\t\t\t\n\t\t\t\t\t\t\t\t\t<h2 class=\"elementor-cta__title elementor-cta__content-item elementor-content-item elementor-animated-item--grow\">\n\t\t\t\t\t\tAsesoramiento Fiscal\t\t\t\t\t<\/h2>\n\t\t\t\t\n\t\t\t\t\n\t\t\t\t\t\t\t<\/div>\n\t\t\t\t\t\t<\/div>\n\t\t\t\t\t\t<\/div>\n\t\t\t\t<\/div>\n\t\t\t\t<\/div>\n\t\t<div class=\"elementor-element elementor-element-f38442f e-con-full e-flex e-con e-child\" data-id=\"f38442f\" data-element_type=\"container\" data-e-type=\"container\">\n\t\t\t\t<div class=\"elementor-element elementor-element-c4ae6d7 elementor-cta--skin-cover elementor-cta--valign-middle elementor-animated-content elementor-bg-transform elementor-bg-transform-zoom-in elementor-widget elementor-widget-call-to-action\" data-id=\"c4ae6d7\" data-element_type=\"widget\" data-e-type=\"widget\" data-widget_type=\"call-to-action.default\">\n\t\t\t\t<div class=\"elementor-widget-container\">\n\t\t\t\t\t\t\t<div class=\"elementor-cta\">\n\t\t\t\t\t<div class=\"elementor-cta__bg-wrapper\">\n\t\t\t\t<div class=\"elementor-cta__bg elementor-bg\" style=\"background-image: url(https:\/\/asimur.es\/wp-content\/uploads\/2025\/06\/138148.jpg);\" role=\"img\" aria-label=\"138148\"><\/div>\n\t\t\t\t<div class=\"elementor-cta__bg-overlay\"><\/div>\n\t\t\t<\/div>\n\t\t\t\t\t\t\t<div class=\"elementor-cta__content\">\n\t\t\t\t\n\t\t\t\t\t\t\t\t\t<h2 class=\"elementor-cta__title elementor-cta__content-item elementor-content-item elementor-animated-item--grow\">\n\t\t\t\t\t\tGesti\u00f3n Contable\t\t\t\t\t<\/h2>\n\t\t\t\t\n\t\t\t\t\n\t\t\t\t\t\t\t<\/div>\n\t\t\t\t\t\t<\/div>\n\t\t\t\t\t\t<\/div>\n\t\t\t\t<\/div>\n\t\t\t\t<\/div>\n\t\t<div class=\"elementor-element elementor-element-58ad192 e-con-full e-flex e-con e-child\" data-id=\"58ad192\" data-element_type=\"container\" data-e-type=\"container\">\n\t\t\t\t<div class=\"elementor-element elementor-element-6f6149f elementor-cta--skin-cover elementor-cta--valign-middle elementor-animated-content elementor-bg-transform elementor-bg-transform-zoom-in elementor-widget elementor-widget-call-to-action\" data-id=\"6f6149f\" data-element_type=\"widget\" data-e-type=\"widget\" data-widget_type=\"call-to-action.default\">\n\t\t\t\t<div class=\"elementor-widget-container\">\n\t\t\t\t\t\t\t<div class=\"elementor-cta\">\n\t\t\t\t\t<div class=\"elementor-cta__bg-wrapper\">\n\t\t\t\t<div class=\"elementor-cta__bg elementor-bg\" style=\"background-image: url(https:\/\/asimur.es\/wp-content\/uploads\/2025\/06\/2149396653.jpg);\" role=\"img\" aria-label=\"2149396653\"><\/div>\n\t\t\t\t<div class=\"elementor-cta__bg-overlay\"><\/div>\n\t\t\t<\/div>\n\t\t\t\t\t\t\t<div class=\"elementor-cta__content\">\n\t\t\t\t\n\t\t\t\t\t\t\t\t\t<h2 class=\"elementor-cta__title elementor-cta__content-item elementor-content-item elementor-animated-item--grow\">\n\t\t\t\t\t\tGestion Tributaria\t\t\t\t\t<\/h2>\n\t\t\t\t\n\t\t\t\t\n\t\t\t\t\t\t\t<\/div>\n\t\t\t\t\t\t<\/div>\n\t\t\t\t\t\t<\/div>\n\t\t\t\t<\/div>\n\t\t\t\t<\/div>\n\t\t\t\t\t<\/div>\n\t\t\t\t<\/div>\n\t\t\t\t<\/div>","protected":false},"excerpt":{"rendered":"<p>SERVICIOS Nuestros Servicios Nos dedicamos a brindar un asesoramiento completo a Pymes, grandes empresas, aut\u00f3nomos y particulares, as\u00ed como tambi\u00e9n a ofrecer orientaci\u00f3n a emprendedores que buscan establecerse en el mercado. Nuestro compromiso es garantizar un acompa\u00f1amiento cercano y eficiente, adapt\u00e1ndonos a las necesidades espec\u00edficas de cada cliente para lograr su \u00e9xito y crecimiento sostenible. [&hellip;]<\/p>\n","protected":false},"author":1,"featured_media":0,"parent":0,"menu_order":0,"comment_status":"closed","ping_status":"closed","template":"elementor_canvas","meta":{"footnotes":""},"class_list":["post-6","page","type-page","status-publish","hentry"],"yoast_head":"<!-- This site is optimized with the Yoast SEO plugin v26.2 - https:\/\/yoast.com\/wordpress\/plugins\/seo\/ -->\n<title>Servicios - Asimur Asesoria de Empresas S.L.<\/title>\n<meta name=\"robots\" content=\"index, follow, max-snippet:-1, max-image-preview:large, max-video-preview:-1\" \/>\n<link rel=\"canonical\" href=\"https:\/\/asimur.es\/en\/servicios\/\" \/>\n<meta property=\"og:locale\" content=\"en_US\" \/>\n<meta property=\"og:type\" content=\"article\" \/>\n<meta property=\"og:title\" content=\"Servicios - Asimur Asesoria de Empresas S.L.\" \/>\n<meta property=\"og:description\" content=\"SERVICIOS Nuestros Servicios Nos dedicamos a brindar un asesoramiento completo a Pymes, grandes empresas, aut\u00f3nomos y particulares, as\u00ed como tambi\u00e9n a ofrecer orientaci\u00f3n a emprendedores que buscan establecerse en el mercado. Nuestro compromiso es garantizar un acompa\u00f1amiento cercano y eficiente, adapt\u00e1ndonos a las necesidades espec\u00edficas de cada cliente para lograr su \u00e9xito y crecimiento sostenible. [&hellip;]\" \/>\n<meta property=\"og:url\" content=\"https:\/\/asimur.es\/en\/servicios\/\" \/>\n<meta property=\"og:site_name\" content=\"Asimur Asesoria de Empresas S.L.\" \/>\n<meta property=\"article:modified_time\" content=\"2025-06-30T14:50:41+00:00\" \/>\n<meta property=\"og:image\" content=\"https:\/\/asimur.es\/wp-content\/uploads\/2025\/06\/95215-768x512.jpg\" \/>\n<meta name=\"twitter:card\" content=\"summary_large_image\" \/>\n<meta name=\"twitter:label1\" content=\"Est. reading time\" \/>\n\t<meta name=\"twitter:data1\" content=\"1 minute\" \/>\n<script type=\"application\/ld+json\" class=\"yoast-schema-graph\">{\"@context\":\"https:\/\/schema.org\",\"@graph\":[{\"@type\":\"WebPage\",\"@id\":\"https:\/\/asimur.es\/servicios\/\",\"url\":\"https:\/\/asimur.es\/servicios\/\",\"name\":\"Servicios - Asimur Asesoria de Empresas S.L.\",\"isPartOf\":{\"@id\":\"https:\/\/asimur.es\/#website\"},\"primaryImageOfPage\":{\"@id\":\"https:\/\/asimur.es\/servicios\/#primaryimage\"},\"image\":{\"@id\":\"https:\/\/asimur.es\/servicios\/#primaryimage\"},\"thumbnailUrl\":\"https:\/\/asimur.es\/wp-content\/uploads\/2025\/06\/95215-768x512.jpg\",\"datePublished\":\"2025-06-20T15:01:10+00:00\",\"dateModified\":\"2025-06-30T14:50:41+00:00\",\"breadcrumb\":{\"@id\":\"https:\/\/asimur.es\/servicios\/#breadcrumb\"},\"inLanguage\":\"en-US\",\"potentialAction\":[{\"@type\":\"ReadAction\",\"target\":[\"https:\/\/asimur.es\/servicios\/\"]}]},{\"@type\":\"ImageObject\",\"inLanguage\":\"en-US\",\"@id\":\"https:\/\/asimur.es\/servicios\/#primaryimage\",\"url\":\"https:\/\/asimur.es\/wp-content\/uploads\/2025\/06\/95215-768x512.jpg\",\"contentUrl\":\"https:\/\/asimur.es\/wp-content\/uploads\/2025\/06\/95215-768x512.jpg\"},{\"@type\":\"BreadcrumbList\",\"@id\":\"https:\/\/asimur.es\/servicios\/#breadcrumb\",\"itemListElement\":[{\"@type\":\"ListItem\",\"position\":1,\"name\":\"Portada\",\"item\":\"https:\/\/asimur.es\/\"},{\"@type\":\"ListItem\",\"position\":2,\"name\":\"Servicios\"}]},{\"@type\":\"WebSite\",\"@id\":\"https:\/\/asimur.es\/#website\",\"url\":\"https:\/\/asimur.es\/\",\"name\":\"Asimur Asesoria de Empresas S.L.\",\"description\":\"Asimur Asesoria de Empresas S.L.\",\"publisher\":{\"@id\":\"https:\/\/asimur.es\/#organization\"},\"potentialAction\":[{\"@type\":\"SearchAction\",\"target\":{\"@type\":\"EntryPoint\",\"urlTemplate\":\"https:\/\/asimur.es\/?s={search_term_string}\"},\"query-input\":{\"@type\":\"PropertyValueSpecification\",\"valueRequired\":true,\"valueName\":\"search_term_string\"}}],\"inLanguage\":\"en-US\"},{\"@type\":\"Organization\",\"@id\":\"https:\/\/asimur.es\/#organization\",\"name\":\"Asimur Asesoria de Empresas S.L.\",\"url\":\"https:\/\/asimur.es\/\",\"logo\":{\"@type\":\"ImageObject\",\"inLanguage\":\"en-US\",\"@id\":\"https:\/\/asimur.es\/#\/schema\/logo\/image\/\",\"url\":\"https:\/\/asimur.es\/wp-content\/uploads\/2025\/06\/cropped-1.png\",\"contentUrl\":\"https:\/\/asimur.es\/wp-content\/uploads\/2025\/06\/cropped-1.png\",\"width\":500,\"height\":143,\"caption\":\"Asimur Asesoria de Empresas S.L.\"},\"image\":{\"@id\":\"https:\/\/asimur.es\/#\/schema\/logo\/image\/\"}}]}<\/script>\n<!-- \/ Yoast SEO plugin. -->","yoast_head_json":{"title":"Servicios - Asimur Asesoria de Empresas S.L.","robots":{"index":"index","follow":"follow","max-snippet":"max-snippet:-1","max-image-preview":"max-image-preview:large","max-video-preview":"max-video-preview:-1"},"canonical":"https:\/\/asimur.es\/en\/servicios\/","og_locale":"en_US","og_type":"article","og_title":"Servicios - Asimur Asesoria de Empresas S.L.","og_description":"SERVICIOS Nuestros Servicios Nos dedicamos a brindar un asesoramiento completo a Pymes, grandes empresas, aut\u00f3nomos y particulares, as\u00ed como tambi\u00e9n a ofrecer orientaci\u00f3n a emprendedores que buscan establecerse en el mercado. Nuestro compromiso es garantizar un acompa\u00f1amiento cercano y eficiente, adapt\u00e1ndonos a las necesidades espec\u00edficas de cada cliente para lograr su \u00e9xito y crecimiento sostenible. [&hellip;]","og_url":"https:\/\/asimur.es\/en\/servicios\/","og_site_name":"Asimur Asesoria de Empresas S.L.","article_modified_time":"2025-06-30T14:50:41+00:00","og_image":[{"url":"https:\/\/asimur.es\/wp-content\/uploads\/2025\/06\/95215-768x512.jpg","type":"","width":"","height":""}],"twitter_card":"summary_large_image","twitter_misc":{"Est. reading time":"1 minute"},"schema":{"@context":"https:\/\/schema.org","@graph":[{"@type":"WebPage","@id":"https:\/\/asimur.es\/servicios\/","url":"https:\/\/asimur.es\/servicios\/","name":"Servicios - Asimur Asesoria de Empresas S.L.","isPartOf":{"@id":"https:\/\/asimur.es\/#website"},"primaryImageOfPage":{"@id":"https:\/\/asimur.es\/servicios\/#primaryimage"},"image":{"@id":"https:\/\/asimur.es\/servicios\/#primaryimage"},"thumbnailUrl":"https:\/\/asimur.es\/wp-content\/uploads\/2025\/06\/95215-768x512.jpg","datePublished":"2025-06-20T15:01:10+00:00","dateModified":"2025-06-30T14:50:41+00:00","breadcrumb":{"@id":"https:\/\/asimur.es\/servicios\/#breadcrumb"},"inLanguage":"en-US","potentialAction":[{"@type":"ReadAction","target":["https:\/\/asimur.es\/servicios\/"]}]},{"@type":"ImageObject","inLanguage":"en-US","@id":"https:\/\/asimur.es\/servicios\/#primaryimage","url":"https:\/\/asimur.es\/wp-content\/uploads\/2025\/06\/95215-768x512.jpg","contentUrl":"https:\/\/asimur.es\/wp-content\/uploads\/2025\/06\/95215-768x512.jpg"},{"@type":"BreadcrumbList","@id":"https:\/\/asimur.es\/servicios\/#breadcrumb","itemListElement":[{"@type":"ListItem","position":1,"name":"Portada","item":"https:\/\/asimur.es\/"},{"@type":"ListItem","position":2,"name":"Servicios"}]},{"@type":"WebSite","@id":"https:\/\/asimur.es\/#website","url":"https:\/\/asimur.es\/","name":"Asimur Asesoria de Empresas S.L.","description":"Asimur Asesoria de Empresas S.L.","publisher":{"@id":"https:\/\/asimur.es\/#organization"},"potentialAction":[{"@type":"SearchAction","target":{"@type":"EntryPoint","urlTemplate":"https:\/\/asimur.es\/?s={search_term_string}"},"query-input":{"@type":"PropertyValueSpecification","valueRequired":true,"valueName":"search_term_string"}}],"inLanguage":"en-US"},{"@type":"Organization","@id":"https:\/\/asimur.es\/#organization","name":"Asimur Asesoria de Empresas S.L.","url":"https:\/\/asimur.es\/","logo":{"@type":"ImageObject","inLanguage":"en-US","@id":"https:\/\/asimur.es\/#\/schema\/logo\/image\/","url":"https:\/\/asimur.es\/wp-content\/uploads\/2025\/06\/cropped-1.png","contentUrl":"https:\/\/asimur.es\/wp-content\/uploads\/2025\/06\/cropped-1.png","width":500,"height":143,"caption":"Asimur Asesoria de Empresas S.L."},"image":{"@id":"https:\/\/asimur.es\/#\/schema\/logo\/image\/"}}]}},"_links":{"self":[{"href":"https:\/\/asimur.es\/en\/wp-json\/wp\/v2\/pages\/6","targetHints":{"allow":["GET"]}}],"collection":[{"href":"https:\/\/asimur.es\/en\/wp-json\/wp\/v2\/pages"}],"about":[{"href":"https:\/\/asimur.es\/en\/wp-json\/wp\/v2\/types\/page"}],"author":[{"embeddable":true,"href":"https:\/\/asimur.es\/en\/wp-json\/wp\/v2\/users\/1"}],"replies":[{"embeddable":true,"href":"https:\/\/asimur.es\/en\/wp-json\/wp\/v2\/comments?post=6"}],"version-history":[{"count":91,"href":"https:\/\/asimur.es\/en\/wp-json\/wp\/v2\/pages\/6\/revisions"}],"predecessor-version":[{"id":508,"href":"https:\/\/asimur.es\/en\/wp-json\/wp\/v2\/pages\/6\/revisions\/508"}],"wp:attachment":[{"href":"https:\/\/asimur.es\/en\/wp-json\/wp\/v2\/media?parent=6"}],"curies":[{"name":"wp","href":"https:\/\/api.w.org\/{rel}","templated":true}]}}